{"id":997,"date":"2024-03-04T16:28:10","date_gmt":"2024-03-04T15:28:10","guid":{"rendered":"https:\/\/www.refurstudio.com\/?post_type=product&#038;p=997"},"modified":"2024-03-06T11:22:26","modified_gmt":"2024-03-06T10:22:26","slug":"ilenia-giaccone-in-visone","status":"publish","type":"product","link":"https:\/\/www.refurstudio.com\/en\/product\/ilenia-giaccone-in-visone\/","title":{"rendered":"Ilenia &#8211; Giaccone in Visone"},"content":{"rendered":"<p>Ilenia &#8211; <span data-sheets-root=\"1\" data-sheets-value=\"{&quot;1&quot;:2,&quot;2&quot;:&quot;Giaccone in Visone nei colori del rosa cipria, del xxx e del ortora&quot;}\" data-sheets-userformat=\"{&quot;2&quot;:513,&quot;3&quot;:{&quot;1&quot;:0},&quot;12&quot;:0}\">Giaccone in Visone nei colori del rosa cipria, e del tortora.<\/span><\/p>","protected":false},"excerpt":{"rendered":"<p>Il Giaccone &#8220;Ilenia&#8221; \u00e8 una dichiarazione di grazia e femminilit\u00e0, perfettamente incarnata attraverso l&#8217;uso di visone di qualit\u00e0 superiore nei pi\u00f9 delicati toni di rosa cipria e grigio tortora. Questo capolavoro di pellicceria unisce l&#8217;essenza del lusso con il comfort, risultando in un capo che non solo cattura gli sguardi ma coccola chi lo indossa.<\/p>\n<p>La scelta dei colori di &#8220;Ilenia&#8221; \u00e8 ispirata alla dolcezza e alla poesia delle prime luci dell&#8217;alba, creando un&#8217;armonia di sfumature che si abbinano con discrezione e complementano qualsiasi carnagione. La pelliccia di visone \u00e8 disposta in fasce orizzontali che alternano i due colori, aggiungendo una dimensione visiva che esalta la struttura del giaccone e la bellezza naturale della pelliccia.<\/p>\n<p>Con un colletto ampio che pu\u00f2 essere sollevato per una protezione aggiuntiva o lasciato aperto per una silhouette pi\u00f9 rilassata, &#8220;Ilenia&#8221; offre una versatilit\u00e0 ineguagliabile. Il taglio del giaccone \u00e8 studiato per offrire una vestibilit\u00e0 generosa senza essere ingombrante, permettendo di muoversi liberamente e con stile.<\/p>\n<p>&#8220;Ilenia&#8221; \u00e8 l&#8217;emblema dell&#8217;eleganza contemporanea, pensato per le donne che cercano di affermare la propria presenza con un capo che parla di raffinatezza senza tempo e attenzione ai dettagli. Questo giaccone non \u00e8 semplicemente un indumento ma un&#8217;espressione del desiderio di bellezza e qualit\u00e0 nella vita di tutti i giorni.<\/p>","protected":false},"featured_media":1033,"comment_status":"closed","ping_status":"closed","template":"","meta":{"site-sidebar-layout":"default","site-content-layout":"","ast-site-content-layout":"default","site-content-style":"default","site-sidebar-style":"default","ast-global-header-display":"","ast-banner-title-visibility":"","ast-main-header-display":"","ast-hfb-above-header-display":"","ast-hfb-below-header-display":"","ast-hfb-mobile-header-display":"","site-post-title":"","ast-breadcrumbs-content":"","ast-featured-img":"","footer-sml-layout":"","theme-transparent-header-meta":"default","adv-header-id-meta":"","stick-header-meta":"default","header-above-stick-meta":"","header-main-stick-meta":"","header-below-stick-meta":"","astra-migrate-meta-layouts":"set","ast-page-background-enabled":"default","ast-page-background-meta":{"desktop":{"background-color":"var(--ast-global-color-4)","background-image":"","background-repeat":"repeat","background-position":"center center","background-size":"auto","background-attachment":"scroll","background-type":"","background-media":"","overlay-type":"","overlay-color":"","overlay-opacity":"","overlay-gradient":""},"tablet":{"background-color":"","background-image":"","background-repeat":"repeat","background-position":"center center","background-size":"auto","background-attachment":"scroll","background-type":"","background-media":"","overlay-type":"","overlay-color":"","overlay-opacity":"","overlay-gradient":""},"mobile":{"background-color":"","background-image":"","background-repeat":"repeat","background-position":"center center","background-size":"auto","background-attachment":"scroll","background-type":"","background-media":"","overlay-type":"","overlay-color":"","overlay-opacity":"","overlay-gradient":""}},"ast-content-background-meta":{"desktop":{"background-color":"var(--ast-global-color-5)","background-image":"","background-repeat":"repeat","background-position":"center center","background-size":"auto","background-attachment":"scroll","background-type":"","background-media":"","overlay-type":"","overlay-color":"","overlay-opacity":"","overlay-gradient":""},"tablet":{"background-color":"var(--ast-global-color-5)","background-image":"","background-repeat":"repeat","background-position":"center center","background-size":"auto","background-attachment":"scroll","background-type":"","background-media":"","overlay-type":"","overlay-color":"","overlay-opacity":"","overlay-gradient":""},"mobile":{"background-color":"var(--ast-global-color-5)","background-image":"","background-repeat":"repeat","background-position":"center center","background-size":"auto","background-attachment":"scroll","background-type":"","background-media":"","overlay-type":"","overlay-color":"","overlay-opacity":"","overlay-gradient":""}}},"product_brand":[],"product_cat":[23],"product_tag":[],"class_list":{"0":"post-997","1":"product","2":"type-product","3":"status-publish","4":"has-post-thumbnail","6":"product_cat-abbigliamento","7":"desktop-align-left","8":"tablet-align-left","9":"mobile-align-left","10":"ast-product-gallery-layout-horizontal-slider","11":"ast-product-tabs-layout-horizontal","13":"first","14":"instock","15":"shipping-taxable","16":"product-type-simple"},"_links":{"self":[{"href":"https:\/\/www.refurstudio.com\/en\/wp-json\/wp\/v2\/product\/997","targetHints":{"allow":["GET"]}}],"collection":[{"href":"https:\/\/www.refurstudio.com\/en\/wp-json\/wp\/v2\/product"}],"about":[{"href":"https:\/\/www.refurstudio.com\/en\/wp-json\/wp\/v2\/types\/product"}],"replies":[{"embeddable":true,"href":"https:\/\/www.refurstudio.com\/en\/wp-json\/wp\/v2\/comments?post=997"}],"wp:featuredmedia":[{"embeddable":true,"href":"https:\/\/www.refurstudio.com\/en\/wp-json\/wp\/v2\/media\/1033"}],"wp:attachment":[{"href":"https:\/\/www.refurstudio.com\/en\/wp-json\/wp\/v2\/media?parent=997"}],"wp:term":[{"taxonomy":"product_brand","embeddable":true,"href":"https:\/\/www.refurstudio.com\/en\/wp-json\/wp\/v2\/product_brand?post=997"},{"taxonomy":"product_cat","embeddable":true,"href":"https:\/\/www.refurstudio.com\/en\/wp-json\/wp\/v2\/product_cat?post=997"},{"taxonomy":"product_tag","embeddable":true,"href":"https:\/\/www.refurstudio.com\/en\/wp-json\/wp\/v2\/product_tag?post=997"}],"curies":[{"name":"wp","href":"https:\/\/api.w.org\/{rel}","templated":true}]}}