{"id":994,"date":"2024-03-04T16:28:10","date_gmt":"2024-03-04T15:28:10","guid":{"rendered":"https:\/\/www.refurstudio.com\/?post_type=product&#038;p=994"},"modified":"2024-03-05T10:35:19","modified_gmt":"2024-03-05T09:35:19","slug":"claudia-cappottino-in-visone","status":"publish","type":"product","link":"https:\/\/www.refurstudio.com\/en\/product\/claudia-cappottino-in-visone\/","title":{"rendered":"Claudia &#8211; Cappottino in Visone"},"content":{"rendered":"<p><span data-sheets-root=\"1\" data-sheets-value=\"{&quot;1&quot;:2,&quot;2&quot;:&quot;Cappottino di visone stampato scozzese  nei toni del sabbia e del moro , con inserti di visone color senape&quot;}\" data-sheets-userformat=\"{&quot;2&quot;:513,&quot;3&quot;:{&quot;1&quot;:0},&quot;12&quot;:0}\">Cappottino di visone stampato scozzese nei toni del sabbia e del moro, con inserti di visone color senape.<\/span><\/p>","protected":false},"excerpt":{"rendered":"<p>Scopri il fascino senza tempo del nostro Cappottino &#8220;Claudia&#8221;, un capolavoro di stile e funzionalit\u00e0. Questo pezzo chiave del guardaroba autunno-inverno \u00e8 pensato per la donna che apprezza l&#8217;eleganza classica con un tocco di modernit\u00e0.<\/p>\n<p>Meticolosamente confezionato con visone di prima qualit\u00e0, &#8220;Claudia&#8221; presenta un audace motivo scozzese stampato, giocando con tonalit\u00e0 neutre di sabbia e moro che aggiungono un carattere distintivo al design. L&#8217;inserto di visone color senape sui polsi serve non solo come un accento cromatico vivace, ma anche come un richiamo alla cura e all&#8217;attenzione ai dettagli che contraddistinguono la nostra artigianalit\u00e0.<\/p>\n<p>La silhouette del cappottino, con la sua lunghezza moderata, offre la versatilit\u00e0 di essere indossato con facilit\u00e0 su abiti eleganti o come aggiunta raffinata a un outfit pi\u00f9 casual. La struttura \u00e8 pensata per avvolgere confortevolmente senza sacrificare la forma o la mobilit\u00e0, rendendolo il compagno ideale per le giornate fredde.<\/p>\n<p>&#8220;Claudia&#8221; \u00e8 una dichiarazione di sofisticatezza e un omaggio alla tradizione sartoriale, con un tocco contemporaneo che rende questo cappotto un must-have per le amanti della moda consapevoli e con uno sguardo verso il futuro. Indossalo e sentiti immediatamente trasportata in un mondo di eleganza senza sforzo e stile inconfondibile.<\/p>","protected":false},"featured_media":1015,"comment_status":"closed","ping_status":"closed","template":"","meta":{"site-sidebar-layout":"default","site-content-layout":"","ast-site-content-layout":"default","site-content-style":"default","site-sidebar-style":"default","ast-global-header-display":"","ast-banner-title-visibility":"","ast-main-header-display":"","ast-hfb-above-header-display":"","ast-hfb-below-header-display":"","ast-hfb-mobile-header-display":"","site-post-title":"","ast-breadcrumbs-content":"","ast-featured-img":"","footer-sml-layout":"","theme-transparent-header-meta":"default","adv-header-id-meta":"","stick-header-meta":"default","header-above-stick-meta":"","header-main-stick-meta":"","header-below-stick-meta":"","astra-migrate-meta-layouts":"set","ast-page-background-enabled":"default","ast-page-background-meta":{"desktop":{"background-color":"var(--ast-global-color-4)","background-image":"","background-repeat":"repeat","background-position":"center center","background-size":"auto","background-attachment":"scroll","background-type":"","background-media":"","overlay-type":"","overlay-color":"","overlay-opacity":"","overlay-gradient":""},"tablet":{"background-color":"","background-image":"","background-repeat":"repeat","background-position":"center center","background-size":"auto","background-attachment":"scroll","background-type":"","background-media":"","overlay-type":"","overlay-color":"","overlay-opacity":"","overlay-gradient":""},"mobile":{"background-color":"","background-image":"","background-repeat":"repeat","background-position":"center center","background-size":"auto","background-attachment":"scroll","background-type":"","background-media":"","overlay-type":"","overlay-color":"","overlay-opacity":"","overlay-gradient":""}},"ast-content-background-meta":{"desktop":{"background-color":"var(--ast-global-color-5)","background-image":"","background-repeat":"repeat","background-position":"center center","background-size":"auto","background-attachment":"scroll","background-type":"","background-media":"","overlay-type":"","overlay-color":"","overlay-opacity":"","overlay-gradient":""},"tablet":{"background-color":"var(--ast-global-color-5)","background-image":"","background-repeat":"repeat","background-position":"center center","background-size":"auto","background-attachment":"scroll","background-type":"","background-media":"","overlay-type":"","overlay-color":"","overlay-opacity":"","overlay-gradient":""},"mobile":{"background-color":"var(--ast-global-color-5)","background-image":"","background-repeat":"repeat","background-position":"center center","background-size":"auto","background-attachment":"scroll","background-type":"","background-media":"","overlay-type":"","overlay-color":"","overlay-opacity":"","overlay-gradient":""}}},"product_brand":[],"product_cat":[23],"product_tag":[],"class_list":{"0":"post-994","1":"product","2":"type-product","3":"status-publish","4":"has-post-thumbnail","6":"product_cat-abbigliamento","7":"desktop-align-left","8":"tablet-align-left","9":"mobile-align-left","10":"ast-product-gallery-layout-horizontal-slider","11":"ast-product-tabs-layout-horizontal","13":"first","14":"instock","15":"shipping-taxable","16":"product-type-simple"},"_links":{"self":[{"href":"https:\/\/www.refurstudio.com\/en\/wp-json\/wp\/v2\/product\/994","targetHints":{"allow":["GET"]}}],"collection":[{"href":"https:\/\/www.refurstudio.com\/en\/wp-json\/wp\/v2\/product"}],"about":[{"href":"https:\/\/www.refurstudio.com\/en\/wp-json\/wp\/v2\/types\/product"}],"replies":[{"embeddable":true,"href":"https:\/\/www.refurstudio.com\/en\/wp-json\/wp\/v2\/comments?post=994"}],"wp:featuredmedia":[{"embeddable":true,"href":"https:\/\/www.refurstudio.com\/en\/wp-json\/wp\/v2\/media\/1015"}],"wp:attachment":[{"href":"https:\/\/www.refurstudio.com\/en\/wp-json\/wp\/v2\/media?parent=994"}],"wp:term":[{"taxonomy":"product_brand","embeddable":true,"href":"https:\/\/www.refurstudio.com\/en\/wp-json\/wp\/v2\/product_brand?post=994"},{"taxonomy":"product_cat","embeddable":true,"href":"https:\/\/www.refurstudio.com\/en\/wp-json\/wp\/v2\/product_cat?post=994"},{"taxonomy":"product_tag","embeddable":true,"href":"https:\/\/www.refurstudio.com\/en\/wp-json\/wp\/v2\/product_tag?post=994"}],"curies":[{"name":"wp","href":"https:\/\/api.w.org\/{rel}","templated":true}]}}